{"id":1582,"date":"2025-02-26T13:55:21","date_gmt":"2025-02-26T13:55:21","guid":{"rendered":"https:\/\/ayazbilya.com\/?post_type=product&#038;p=1582"},"modified":"2025-03-01T06:47:55","modified_gmt":"2025-03-01T06:47:55","slug":"51104-skf","status":"publish","type":"product","link":"https:\/\/ayazbilya.com\/index.php\/product\/51104-skf\/","title":{"rendered":"51104 SKF"},"content":{"rendered":"<p style=\"background: white; vertical-align: baseline;\"><span style=\"font-family: 'Open Sans',sans-serif; color: #5c5c5c;\">Eksenel bilyal\u0131 rulmanlar, y\u00fcksek h\u0131zlarda aksiyal (eksenel) y\u00fckleri ta\u015f\u0131mak i\u00e7in tasarlanm\u0131\u015ft\u0131r. Eksenel bilyal\u0131 rulmanlar, mahfaza pulunun (d\u0131\u015f bilezik yata\u011f\u0131) \u015fekline g\u00f6re \u201cd\u00fcz yatakl\u0131\u201d ve \u201chizalama yatakl\u0131\u201d olarak, ayr\u0131ca tek y\u00f6nl\u00fc veya \u00e7ift y\u00f6nl\u00fc olarak s\u0131n\u0131fland\u0131r\u0131labilir. 20x35x10<\/span><\/p>\n<h3 class=\"category-name\">Boyutlar<\/h3>\n<table class=\"table\" aria-describedby=\"Boyutlar\">\n<tbody>\n<tr>\n<td class=\"feature-name\"><span class=\"name\">Delik \u00e7ap\u0131<\/span><\/td>\n<td class=\"feature-value value-no-wrap\"><span class=\"value\">20<\/span><span class=\"unit\">\u00a0mm<\/span><\/td>\n<\/tr>\n<tr>\n<td class=\"feature-name\"><span class=\"name\">D\u0131\u015f \u00e7ap<\/span><\/td>\n<td class=\"feature-value value-no-wrap\"><span class=\"value\">35<\/span><span class=\"unit\">\u00a0mm<\/span><\/td>\n<\/tr>\n<tr>\n<td class=\"feature-name\"><span class=\"name\">Kal\u0131nl\u0131k<\/span><\/td>\n<td class=\"feature-value value-no-wrap\"><span class=\"value\">10<\/span><span class=\"unit\">\u00a0mm<\/span><\/td>\n<\/tr>\n<\/tbody>\n<\/table>\n<p style=\"background: white; vertical-align: baseline;\"><strong style=\"font-size: 1rem;\">Kullan\u0131m Alanlar\u0131<\/strong><\/p>\n<div class=\"product-information col-sm-12 col-md-6\">\n<div class=\"product-information col-sm-12 col-md-6\">\n<ul>\n<li>\u0130slak Mendik Paketleme Makinaler\u0131<\/li>\n<li>FX 3Reng Flexo Bask\u0131 Makinalar\u0131<\/li>\n<li>Tam Otamatik \u015ei\u015fe Etiketleme<\/li>\n<li>Yatay Toz ve S\u0131v\u0131 Dolum Makinalar\u0131<\/li>\n<li>Ak\u0131ll\u0131 Kart Sistemleri<\/li>\n<li>Ge\u00e7i\u015f Turnikeleri<\/li>\n<li>Ta\u015f\u0131nabilir Teraziler<\/li>\n<li>Torba dolum Kantarlar\u0131<\/li>\n<li>Konvay\u00f6r Bant Kantarlar\u0131<\/li>\n<li>Roll Form Hatlar\u0131<\/li>\n<li>S\u0131v\u0131 Dolum Makinalar\u0131<\/li>\n<li>\u0130\u015f Makinalar\u0131<\/li>\n<\/ul>\n<\/div>\n<\/div>\n","protected":false},"excerpt":{"rendered":"<h3 class=\"category-name\"><strong>51104 SKF<\/strong><\/h3>\n<p>Sipari\u015f vermek i\u00e7in ;<br \/>\nSat\u0131\u015f Ofisi: 0 212 671 34 55<br \/>\nWhatsapp: 0 501 112 34 55<br \/>\nSkype: Ayaz Bilya Sat\u0131\u015f<br \/>\nE-mail: info@ayazbilya.com<br \/>\nMa\u011faza: \u00a0<a href=\"https:\/\/www.google.com\/maps\/place\/data=!4m2!3m1!1s0x14caaf25a0e1c137:0x4bda8027e7eb03b5?sa=X&amp;ved=1t:8290&amp;ictx=111\">\u0130kitelli OSB, Atat\u00fcrk Blv. Giyim Sanatkarlar\u0131 Sitesi D:2.ada A Blok Kat:4 No:401, 34490 Ba\u015fak\u015fehir\/\u0130stanbul<\/a><\/p>\n","protected":false},"featured_media":1419,"comment_status":"open","ping_status":"closed","template":"","meta":[],"product_brand":[],"product_cat":[20],"product_tag":[],"class_list":{"0":"post-1582","1":"product","2":"type-product","3":"status-publish","4":"has-post-thumbnail","6":"product_cat-sabit-bilya","8":"first","9":"instock","10":"taxable","11":"shipping-taxable","12":"product-type-simple"},"_links":{"self":[{"href":"https:\/\/ayazbilya.com\/index.php\/wp-json\/wp\/v2\/product\/1582","targetHints":{"allow":["GET"]}}],"collection":[{"href":"https:\/\/ayazbilya.com\/index.php\/wp-json\/wp\/v2\/product"}],"about":[{"href":"https:\/\/ayazbilya.com\/index.php\/wp-json\/wp\/v2\/types\/product"}],"replies":[{"embeddable":true,"href":"https:\/\/ayazbilya.com\/index.php\/wp-json\/wp\/v2\/comments?post=1582"}],"wp:featuredmedia":[{"embeddable":true,"href":"https:\/\/ayazbilya.com\/index.php\/wp-json\/wp\/v2\/media\/1419"}],"wp:attachment":[{"href":"https:\/\/ayazbilya.com\/index.php\/wp-json\/wp\/v2\/media?parent=1582"}],"wp:term":[{"taxonomy":"product_brand","embeddable":true,"href":"https:\/\/ayazbilya.com\/index.php\/wp-json\/wp\/v2\/product_brand?post=1582"},{"taxonomy":"product_cat","embeddable":true,"href":"https:\/\/ayazbilya.com\/index.php\/wp-json\/wp\/v2\/product_cat?post=1582"},{"taxonomy":"product_tag","embeddable":true,"href":"https:\/\/ayazbilya.com\/index.php\/wp-json\/wp\/v2\/product_tag?post=1582"}],"curies":[{"name":"wp","href":"https:\/\/api.w.org\/{rel}","templated":true}]}}