{"id":1366,"date":"2025-01-06T08:59:38","date_gmt":"2025-01-06T08:59:38","guid":{"rendered":"https:\/\/ayazbilya.com\/?post_type=product&#038;p=1366"},"modified":"2025-01-06T12:53:54","modified_gmt":"2025-01-06T12:53:54","slug":"7203-becbm-skf","status":"publish","type":"product","link":"https:\/\/ayazbilya.com\/index.php\/product\/7203-becbm-skf\/","title":{"rendered":"7203 BECBM SKF"},"content":{"rendered":"<p>Sabit Bilyal\u0131 Rulmanlar, bu \u00e7ok ama\u00e7l\u0131 rulmanlar en yayg\u0131n rulman t\u00fcr\u00fc olup \u00e7e\u015fitli end\u00fcstrilerde kullan\u0131lmaktad\u0131r.<br \/>\nBu rulmanlar, radyal y\u00fcklerin yan\u0131nda, eksenel y\u00fckleri her iki y\u00f6nde ta\u015f\u0131yabilir ve d\u00fc\u015f\u00fck g\u00fcr\u00fclt\u00fc ve titre\u015fim gerektiren uygulamalar i\u00e7in ideal olan d\u00fc\u015f\u00fck s\u00fcrt\u00fcnme torku ve y\u00fcksek h\u0131zl\u0131 bile\u015fenler sunar. 17x40x12<\/p>\n<h3 class=\"category-name\">Boyutlar<\/h3>\n<table class=\"table\" aria-describedby=\"Boyutlar\">\n<tbody>\n<tr>\n<td class=\"feature-name\"><span class=\"name\">Delik \u00e7ap\u0131<\/span><\/td>\n<td class=\"feature-value value-no-wrap\"><span class=\"value\">17<\/span><span class=\"unit\">\u00a0mm<\/span><\/td>\n<\/tr>\n<tr>\n<td class=\"feature-name\"><span class=\"name\">D\u0131\u015f \u00e7ap<\/span><\/td>\n<td class=\"feature-value value-no-wrap\"><span class=\"value\">40<\/span><span class=\"unit\">\u00a0mm<\/span><\/td>\n<\/tr>\n<tr>\n<td class=\"feature-name\"><span class=\"name\">Geni\u015flik<\/span><\/td>\n<td class=\"feature-value value-no-wrap\"><span class=\"value\">12<\/span><span class=\"unit\">\u00a0mm<\/span><\/td>\n<\/tr>\n<tr>\n<td class=\"feature-name\"><span class=\"name\">Temas a\u00e7\u0131s\u0131<\/span><\/td>\n<td class=\"feature-value value-no-wrap\"><span class=\"value\">40<\/span><span class=\"unit\">\u00a0\u00b0<\/span><\/td>\n<\/tr>\n<\/tbody>\n<\/table>\n<p><strong style=\"font-size: 1rem;\">Kullan\u0131m Alanlar\u0131<\/strong><\/p>\n<div class=\"product-information col-sm-12 col-md-6\">\n<div class=\"product-information col-sm-12 col-md-6\">\n<ul>\n<li>\u0130slak Mendik Paketleme Makinaler\u0131<\/li>\n<li>FX 3Reng Flexo Bask\u0131 Makinalar\u0131<\/li>\n<li>Tam Otamatik \u015ei\u015fe Etiketleme<\/li>\n<li>Yatay Toz ve S\u0131v\u0131 Dolum Makinalar\u0131<\/li>\n<li>Ak\u0131ll\u0131 Kart Sistemleri<\/li>\n<li>Ge\u00e7i\u015f Turnikeleri<\/li>\n<li>Ta\u015f\u0131nabilir Teraziler<\/li>\n<li>Torba dolum Kantarlar\u0131<\/li>\n<li>Konvay\u00f6r Bant Kantarlar\u0131<\/li>\n<li>Roll Form Hatlar\u0131<\/li>\n<li>S\u0131v\u0131 Dolum Makinalar\u0131<\/li>\n<li>\u0130\u015f Makinalar\u0131<\/li>\n<\/ul>\n<\/div>\n<\/div>\n","protected":false},"excerpt":{"rendered":"<p><strong>7203 BECBM SKF<\/strong><\/p>\n<p>Sipari\u015f vermek i\u00e7in ;<br \/>\nSat\u0131\u015f Ofisi: 0 212 671 34 55<br \/>\nWhatsapp: 0 501 112 34 55<br \/>\nSkype: Ayaz Bilya Sat\u0131\u015f<br \/>\nMa\u011faza: \u00a0<a href=\"https:\/\/www.google.com\/maps\/place\/data=!4m2!3m1!1s0x14caaf25a0e1c137:0x4bda8027e7eb03b5?sa=X&amp;ved=1t:8290&amp;ictx=111\">\u0130kitelli OSB, Atat\u00fcrk Blv. Giyim Sanatkarlar\u0131 Sitesi D:2.ada A Blok Kat:4 No:401, 34490 Ba\u015fak\u015fehir\/\u0130stanbul<\/a><\/p>\n","protected":false},"featured_media":819,"comment_status":"open","ping_status":"closed","template":"","meta":[],"product_brand":[],"product_cat":[21],"product_tag":[45,37,48,46,39,44,38,42,40,49],"class_list":{"0":"post-1366","1":"product","2":"type-product","3":"status-publish","4":"has-post-thumbnail","6":"product_cat-egik-bilya","7":"product_tag-bilya","8":"product_tag-fag","9":"product_tag-kece","10":"product_tag-nsk","11":"product_tag-ors","12":"product_tag-rulman","13":"product_tag-skf","14":"product_tag-timken","15":"product_tag-urb","16":"product_tag-zincir","18":"first","19":"instock","20":"taxable","21":"shipping-taxable","22":"product-type-grouped"},"_links":{"self":[{"href":"https:\/\/ayazbilya.com\/index.php\/wp-json\/wp\/v2\/product\/1366","targetHints":{"allow":["GET"]}}],"collection":[{"href":"https:\/\/ayazbilya.com\/index.php\/wp-json\/wp\/v2\/product"}],"about":[{"href":"https:\/\/ayazbilya.com\/index.php\/wp-json\/wp\/v2\/types\/product"}],"replies":[{"embeddable":true,"href":"https:\/\/ayazbilya.com\/index.php\/wp-json\/wp\/v2\/comments?post=1366"}],"wp:featuredmedia":[{"embeddable":true,"href":"https:\/\/ayazbilya.com\/index.php\/wp-json\/wp\/v2\/media\/819"}],"wp:attachment":[{"href":"https:\/\/ayazbilya.com\/index.php\/wp-json\/wp\/v2\/media?parent=1366"}],"wp:term":[{"taxonomy":"product_brand","embeddable":true,"href":"https:\/\/ayazbilya.com\/index.php\/wp-json\/wp\/v2\/product_brand?post=1366"},{"taxonomy":"product_cat","embeddable":true,"href":"https:\/\/ayazbilya.com\/index.php\/wp-json\/wp\/v2\/product_cat?post=1366"},{"taxonomy":"product_tag","embeddable":true,"href":"https:\/\/ayazbilya.com\/index.php\/wp-json\/wp\/v2\/product_tag?post=1366"}],"curies":[{"name":"wp","href":"https:\/\/api.w.org\/{rel}","templated":true}]}}