{"id":31,"date":"2023-07-02T01:27:42","date_gmt":"2023-07-02T01:27:42","guid":{"rendered":"https:\/\/ayazbilya.com\/index.php\/page-left-right-sidebar\/"},"modified":"2023-10-03T07:11:55","modified_gmt":"2023-10-03T07:11:55","slug":"page-left-right-sidebar","status":"publish","type":"page","link":"https:\/\/ayazbilya.com\/index.php\/page-left-right-sidebar\/","title":{"rendered":""},"content":{"rendered":"<h1>Hakk\u0131m\u0131zda<\/h1>\n<p>\u00a0 35 y\u0131ll\u0131k tecr\u00fcbemizle ithal ve yerli 24 marka olmak \u00fczere 12.000 \u00e7e\u015fit rulman rulman envanterimizle hizmet vermekteyiz. Karak\u00f6y Per\u015fembe Pazar\u0131 ve Galata H\u0131rdavat\u00e7\u0131lar \u00c7ar\u015f\u0131s\u0131 temelli \u015firketimiz bug\u00fcn \u0130kitelli OSB&#8217;de faaliyet g\u00f6stermektedir. Sadece kurumsal \u015firketlere toptan sat\u0131\u015f politikam\u0131z\u0131 de\u011fi\u015ftirmi\u015f bulunmaktay\u0131z. Bunun i\u00e7in 2023 y\u0131l\u0131nda Online Sat\u0131\u015fa ge\u00e7mi\u015f bulunmaktay\u0131z.<\/p>\n\n\n<p><\/p>\n\n\n\n<p><\/p>\n\n\n\n<p><\/p>\n","protected":false},"excerpt":{"rendered":"<p>Hakk\u0131m\u0131zda \u00a0 35 y\u0131ll\u0131k tecr\u00fcbemizle ithal ve yerli 24 marka olmak \u00fczere 12.000 \u00e7e\u015fit rulman rulman envanterimizle hizmet vermekteyiz. Karak\u00f6y Per\u015fembe Pazar\u0131 ve Galata H\u0131rdavat\u00e7\u0131lar \u00c7ar\u015f\u0131s\u0131 temelli \u015firketimiz bug\u00fcn \u0130kitelli OSB&#8217;de faaliyet g\u00f6stermektedir. Sadece kurumsal \u015firketlere toptan sat\u0131\u015f politikam\u0131z\u0131 de\u011fi\u015ftirmi\u015f bulunmaktay\u0131z. Bunun i\u00e7in 2023 y\u0131l\u0131nda Online Sat\u0131\u015fa ge\u00e7mi\u015f bulunmaktay\u0131z.<\/p>\n","protected":false},"author":1,"featured_media":0,"parent":0,"menu_order":0,"comment_status":"closed","ping_status":"closed","template":"page-template\/page-with-left-right-sidebar.php","meta":{"footnotes":""},"class_list":["post-31","page","type-page","status-publish","hentry"],"_links":{"self":[{"href":"https:\/\/ayazbilya.com\/index.php\/wp-json\/wp\/v2\/pages\/31","targetHints":{"allow":["GET"]}}],"collection":[{"href":"https:\/\/ayazbilya.com\/index.php\/wp-json\/wp\/v2\/pages"}],"about":[{"href":"https:\/\/ayazbilya.com\/index.php\/wp-json\/wp\/v2\/types\/page"}],"author":[{"embeddable":true,"href":"https:\/\/ayazbilya.com\/index.php\/wp-json\/wp\/v2\/users\/1"}],"replies":[{"embeddable":true,"href":"https:\/\/ayazbilya.com\/index.php\/wp-json\/wp\/v2\/comments?post=31"}],"version-history":[{"count":2,"href":"https:\/\/ayazbilya.com\/index.php\/wp-json\/wp\/v2\/pages\/31\/revisions"}],"predecessor-version":[{"id":297,"href":"https:\/\/ayazbilya.com\/index.php\/wp-json\/wp\/v2\/pages\/31\/revisions\/297"}],"wp:attachment":[{"href":"https:\/\/ayazbilya.com\/index.php\/wp-json\/wp\/v2\/media?parent=31"}],"curies":[{"name":"wp","href":"https:\/\/api.w.org\/{rel}","templated":true}]}}